{"id":3986,"date":"2020-04-17T13:20:32","date_gmt":"2020-04-17T11:20:32","guid":{"rendered":"https:\/\/www.josspresumey.com\/?page_id=3986"},"modified":"2020-04-20T17:24:49","modified_gmt":"2020-04-20T15:24:49","slug":"en-savoir-plus-sur-les-cookies","status":"publish","type":"page","link":"https:\/\/www.joss-spanu.com\/en\/en-savoir-plus-sur-les-cookies\/","title":{"rendered":"En savoir plus sur les cookies"},"content":{"rendered":"<div  class=\"tatsu-H1WN9FSQWH tatsu-section    tatsu-clearfix\" data-title=\"\"  data-headerscheme=\"background--dark\"><div class='tatsu-section-pad clearfix' data-padding='{\"d\":\"90px 0px 90px 0px\"}' data-padding-top='90px'><div class=\"tatsu-row-wrap  tatsu-wrap tatsu-row-one-col tatsu-row-has-one-cols tatsu-medium-gutter tatsu-reg-cols  tatsu-clearfix tatsu-H1l4qFS7-B\" ><div  class=\"tatsu-row\" ><div  class=\"tatsu-column  tatsu-column-no-bg tatsu-one-col tatsu-column-image-none tatsu-column-effect-none  tatsu-Hy45tSmbH\"  data-parallax-speed=\"0\" style=\"\"><div class=\"tatsu-column-inner\" ><div class=\"tatsu-column-pad-wrap\"><div class=\"tatsu-column-pad\" ><div  class=\"tatsu-empty-space  tatsu-phEwE0upK\" ><style>.tatsu-phEwE0upK.tatsu-empty-space{height: 80px;}<\/style><\/div><div  class=\"special-heading-wrap style2 oshine-module align-center tatsu-SkgEarmWH\" ><div class=\"special-heading\" ><h3 class=\"special-h-tag\" >EN SAVOIR PLUS SUR LES COOKIES<\/h3><\/div><style>.tatsu-SkgEarmWH .special-h-tag{color: rgba(235,73,73,1) ;}.tatsu-SkgEarmWH .special-heading{border-color: rgba(235,73,73,1); border-width: 04px;padding: 20px 30px 20px 30px;}<\/style><\/div><div  class=\"tatsu-module tatsu-text-block-wrap tatsu-HJ_B9BQbB\"><div class=\"tatsu-text-inner tatsu-align-center  clearfix\" ><style>.tatsu-HJ_B9BQbB.tatsu-text-block-wrap .tatsu-text-inner{width: 100%;text-align: left;}<\/style>\n<h2><strong><span style=\"font-size: 24pt;\">Accepter ou refuser les cookies<\/span><\/strong><\/h2>\n<p>Vous disposez de diff\u00e9rents moyens pour g\u00e9rer les cookies.<\/p>\n<p><span style=\"font-size: 14pt;\"><strong>Le param\u00e9trage de votre navigateur internet<\/strong><\/span><br \/>\nVous pouvez \u00e0 tout moment choisir de d\u00e9sactiver ces cookies. Votre navigateur peut \u00e9galement \u00eatre param\u00e9tr\u00e9 pour vous signaler les cookies qui sont d\u00e9pos\u00e9s dans votre ordinateur et vous demander de les accepter ou non. Vous pouvez accepter ou refuser les cookies au cas par cas ou bien les refuser syst\u00e9matiquement une fois pour toutes.<\/p>\n<p>Nous vous rappelons que le param\u00e9trage est susceptible de modifier vos conditions d\u2019acc\u00e8s \u00e0 nos services n\u00e9cessitant l\u2019utilisation de cookies.<\/p>\n<p>Si votre navigateur est configur\u00e9 de mani\u00e8re \u00e0 refuser l\u2019ensemble des cookies, vous ne pourrez pas effectuer profiter de fonctions essentielles de notre site. Afin de g\u00e9rer les cookies au plus pr\u00e8s de vos attentes nous vous invitons \u00e0 param\u00e9trer votre navigateur en tenant compte de la finalit\u00e9 des cookies telle que mentionn\u00e9e ci-avant.<\/p>\n<p>Voici comment contr\u00f4ler ou emp\u00eacher l\u2019enregistrement des cookies.<\/p>\n<p>La configuration de chaque navigateur est diff\u00e9rente. Elle est d\u00e9crite dans le menu d\u2019aide de votre navigateur, qui vous permettra de savoir de quelle mani\u00e8re modifier vos souhaits en mati\u00e8re de cookies.<br \/>\nVous pouvez d\u00e9sactiver les cookies en suivant les instructions comme suit :<\/p>\n<p><span style=\"font-size: 12pt;\"><strong>a\/ si vous utilisez le navigateur Internet Explorer<\/strong><\/span><\/p>\n<ol>\n<li>Cliquez sur l\u2019ic\u00f4ne de roue dent\u00e9e en haut \u00e0 droite de l\u2019\u00e9cran<\/li>\n<li>Options internet<\/li>\n<li>Onglet Confidentialit\u00e9 > Sites<\/li>\n<li>Cliquez sur Tout supprimer (ou s\u00e9lectionnez le cookie d\u00e9sir\u00e9 et cliquez sur Supprimer)<\/li>\n<\/ol>\n<p><span style=\"font-size: 12pt;\"><strong>b\/ Si vous utilisez le navigateur Firefox<\/strong><\/span><\/p>\n<ol>\n<li>\u00a0Allez dans le menu hamburger>Options<\/li>\n<li>Dans la fen\u00eatre qui s\u2019affiche, choisissez \u00ab Vie priv\u00e9e et s\u00e9curit\u00e9 \u00bb et cliquez sur \u00a0\u00bb Cookies et donn\u00e9es de sites \u00bb>G\u00e9rer les donn\u00e9es\u2026<\/li>\n<li>Rep\u00e9rez les fichiers qui contiennent le nom \u00a0\u00bb le nom de votre site \u00a0\u00bb S\u00e9lectionnez-les et supprimez-les.<\/li>\n<\/ol>\n<p><span style=\"font-size: 12pt;\"><strong>c\/ Si vous utilisez le navigateur Safari<\/strong><\/span><\/p>\n<ol>\n<li>Ouvrez Safari.<\/li>\n<li>Cliquez sur Safari dans la barre des menus.<\/li>\n<li>S\u00e9lectionnez Pr\u00e9f\u00e9rences\u2026<\/li>\n<li>S\u00e9lectionner l\u2019onglet<\/li>\n<li>Confidentialit\u00e9<\/li>\n<li>Cliquez sur d\u00e9tails et Supprimer dans le champ Cookies et autres donn\u00e9es de sites web et supprimer<\/li>\n<\/ol>\n<p><span style=\"font-size: 12pt;\"><strong>d\/ Si vous utilisez le navigateur Google Chrome<\/strong><\/span><\/p>\n<ol>\n<li>Sur votre ordinateur, ouvrez Chrome.<\/li>\n<li>Dans l\u2019angle sup\u00e9rieur droit, cliquez sur Plus Param\u00e8tres.<\/li>\n<li>En bas, cliquez sur Param\u00e8tres avanc\u00e9s.<\/li>\n<li>Dans la section \u00ab Confidentialit\u00e9 et s\u00e9curit\u00e9 \u00bb, cliquez sur Param\u00e8tres du contenu.<\/li>\n<li>Cliquez sur Cookies.<\/li>\n<li>Dans la section \u00ab Ensemble des cookies et donn\u00e9es de site \u00bb, recherchez le nom du site Web.<\/li>\n<li>\u00c0 droite du site, cliquez sur Supprimer .<\/li>\n<\/ol>\n<\/div><\/div><div  class=\"tatsu-module tatsu-text-block-wrap tatsu-9YzIwyBgW\"><div class=\"tatsu-text-inner tatsu-align-center  clearfix\" ><style>.tatsu-9YzIwyBgW.tatsu-text-block-wrap .tatsu-text-inner{width: 100%;text-align: left;}<\/style><a href=\"#\" class=\"cn-revoke-cookie cn-button-inline cn-revoke-inline\" title=\"Revoquer les cookies\">Revoquer les cookies<\/a><\/div><\/div><\/div><\/div><div class = \"tatsu-column-bg-image-wrap\"><div class = \"tatsu-column-bg-image\" ><\/div><\/div><\/div><style>.tatsu-row > .tatsu-Hy45tSmbH.tatsu-column{width: 100%;}.tatsu-Hy45tSmbH.tatsu-column > .tatsu-column-inner > .tatsu-column-overlay{mix-blend-mode: none;}.tatsu-Hy45tSmbH > .tatsu-column-inner > .tatsu-top-divider{z-index: 9999;}.tatsu-Hy45tSmbH > .tatsu-column-inner > .tatsu-bottom-divider{z-index: 9999;}.tatsu-Hy45tSmbH > .tatsu-column-inner > .tatsu-left-divider{z-index: 9999;}.tatsu-Hy45tSmbH > .tatsu-column-inner > .tatsu-right-divider{z-index: 9999;}@media only screen and (max-width:1377px) {.tatsu-row > .tatsu-Hy45tSmbH.tatsu-column{width: 100%;}}@media only screen and (min-width:768px) and (max-width: 1024px) {.tatsu-row > .tatsu-Hy45tSmbH.tatsu-column{width: 100%;}}@media only screen and (max-width: 767px) {.tatsu-row > .tatsu-Hy45tSmbH.tatsu-column{width: 100%;}}<\/style><\/div><\/div><\/div><\/div><div class=\"tatsu-section-background-wrap\"><div class = \"tatsu-section-background\" ><\/div><\/div><style>.tatsu-H1WN9FSQWH .tatsu-section-pad{padding: 90px 0px 90px 0px;}.tatsu-H1WN9FSQWH > .tatsu-bottom-divider{z-index: 9999;}.tatsu-H1WN9FSQWH > .tatsu-top-divider{z-index: 9999;}<\/style><\/div>","protected":false},"excerpt":{"rendered":"<p><a href=\"https:\/\/www.joss-spanu.com\/en\/en-savoir-plus-sur-les-cookies\/\" class=\"more-link style1-button\">Read More<\/a><\/p>","protected":false},"author":1,"featured_media":0,"parent":0,"menu_order":0,"comment_status":"closed","ping_status":"closed","template":"","meta":[],"yoast_head":"<!-- This site is optimized with the Yoast SEO plugin v20.8 - https:\/\/yoast.com\/wordpress\/plugins\/seo\/ -->\n<title>En savoir plus sur les cookies | Joss Spanu Graphic \/ Web Designer<\/title>\n<meta name=\"robots\" content=\"index, follow, max-snippet:-1, max-image-preview:large, max-video-preview:-1\" \/>\n<link rel=\"canonical\" href=\"https:\/\/www.joss-spanu.com\/en\/en-savoir-plus-sur-les-cookies\/\" \/>\n<meta property=\"og:locale\" content=\"en_GB\" \/>\n<meta property=\"og:type\" content=\"article\" \/>\n<meta property=\"og:title\" content=\"En savoir plus sur les cookies | Joss Spanu Graphic \/ Web Designer\" \/>\n<meta property=\"og:url\" content=\"https:\/\/www.joss-spanu.com\/en\/en-savoir-plus-sur-les-cookies\/\" \/>\n<meta property=\"og:site_name\" content=\"Joss Spanu Graphic \/ Web Designer\" \/>\n<meta property=\"article:modified_time\" content=\"2020-04-20T15:24:49+00:00\" \/>\n<meta property=\"og:image\" content=\"https:\/\/www.joss-spanu.com\/wp-content\/uploads\/2019\/06\/favicon.png\" \/>\n\t<meta property=\"og:image:width\" content=\"512\" \/>\n\t<meta property=\"og:image:height\" content=\"512\" \/>\n\t<meta property=\"og:image:type\" content=\"image\/png\" \/>\n<meta name=\"twitter:card\" content=\"summary_large_image\" \/>\n<meta name=\"twitter:label1\" content=\"Estimated reading time\" \/>\n\t<meta name=\"twitter:data1\" content=\"6 minutes\" \/>\n<script type=\"application\/ld+json\" class=\"yoast-schema-graph\">{\"@context\":\"https:\/\/schema.org\",\"@graph\":[{\"@type\":\"WebPage\",\"@id\":\"https:\/\/www.joss-spanu.com\/en-savoir-plus-sur-les-cookies\/\",\"url\":\"https:\/\/www.joss-spanu.com\/en-savoir-plus-sur-les-cookies\/\",\"name\":\"En savoir plus sur les cookies | Joss Spanu Graphic \/ Web Designer\",\"isPartOf\":{\"@id\":\"https:\/\/www.joss-spanu.com\/#website\"},\"datePublished\":\"2020-04-17T11:20:32+00:00\",\"dateModified\":\"2020-04-20T15:24:49+00:00\",\"breadcrumb\":{\"@id\":\"https:\/\/www.joss-spanu.com\/en-savoir-plus-sur-les-cookies\/#breadcrumb\"},\"inLanguage\":\"en-GB\",\"potentialAction\":[{\"@type\":\"ReadAction\",\"target\":[\"https:\/\/www.joss-spanu.com\/en-savoir-plus-sur-les-cookies\/\"]}]},{\"@type\":\"BreadcrumbList\",\"@id\":\"https:\/\/www.joss-spanu.com\/en-savoir-plus-sur-les-cookies\/#breadcrumb\",\"itemListElement\":[{\"@type\":\"ListItem\",\"position\":1,\"name\":\"Accueil\",\"item\":\"https:\/\/www.joss-spanu.com\/\"},{\"@type\":\"ListItem\",\"position\":2,\"name\":\"En savoir plus sur les cookies\"}]},{\"@type\":\"WebSite\",\"@id\":\"https:\/\/www.joss-spanu.com\/#website\",\"url\":\"https:\/\/www.joss-spanu.com\/\",\"name\":\"Joss Spanu Graphic \/ Web Designer\",\"description\":\"De la suite dans les id\u00e9es\",\"publisher\":{\"@id\":\"https:\/\/www.joss-spanu.com\/#\/schema\/person\/d022637a1312f66c11efe4c25ef90944\"},\"potentialAction\":[{\"@type\":\"SearchAction\",\"target\":{\"@type\":\"EntryPoint\",\"urlTemplate\":\"https:\/\/www.joss-spanu.com\/?s={search_term_string}\"},\"query-input\":\"required name=search_term_string\"}],\"inLanguage\":\"en-GB\"},{\"@type\":[\"Person\",\"Organization\"],\"@id\":\"https:\/\/www.joss-spanu.com\/#\/schema\/person\/d022637a1312f66c11efe4c25ef90944\",\"name\":\"joss\",\"image\":{\"@type\":\"ImageObject\",\"inLanguage\":\"en-GB\",\"@id\":\"https:\/\/www.joss-spanu.com\/#\/schema\/person\/image\/\",\"url\":\"https:\/\/www.joss-spanu.com\/wp-content\/uploads\/2019\/06\/favicon.png\",\"contentUrl\":\"https:\/\/www.joss-spanu.com\/wp-content\/uploads\/2019\/06\/favicon.png\",\"width\":512,\"height\":512,\"caption\":\"joss\"},\"logo\":{\"@id\":\"https:\/\/www.joss-spanu.com\/#\/schema\/person\/image\/\"}}]}<\/script>\n<!-- \/ Yoast SEO plugin. -->","yoast_head_json":{"title":"En savoir plus sur les cookies | Joss Spanu Graphic \/ Web Designer","robots":{"index":"index","follow":"follow","max-snippet":"max-snippet:-1","max-image-preview":"max-image-preview:large","max-video-preview":"max-video-preview:-1"},"canonical":"https:\/\/www.joss-spanu.com\/en\/en-savoir-plus-sur-les-cookies\/","og_locale":"en_GB","og_type":"article","og_title":"En savoir plus sur les cookies | Joss Spanu Graphic \/ Web Designer","og_url":"https:\/\/www.joss-spanu.com\/en\/en-savoir-plus-sur-les-cookies\/","og_site_name":"Joss Spanu Graphic \/ Web Designer","article_modified_time":"2020-04-20T15:24:49+00:00","og_image":[{"width":512,"height":512,"url":"https:\/\/www.joss-spanu.com\/wp-content\/uploads\/2019\/06\/favicon.png","type":"image\/png"}],"twitter_card":"summary_large_image","twitter_misc":{"Estimated reading time":"6 minutes"},"schema":{"@context":"https:\/\/schema.org","@graph":[{"@type":"WebPage","@id":"https:\/\/www.joss-spanu.com\/en-savoir-plus-sur-les-cookies\/","url":"https:\/\/www.joss-spanu.com\/en-savoir-plus-sur-les-cookies\/","name":"En savoir plus sur les cookies | Joss Spanu Graphic \/ Web Designer","isPartOf":{"@id":"https:\/\/www.joss-spanu.com\/#website"},"datePublished":"2020-04-17T11:20:32+00:00","dateModified":"2020-04-20T15:24:49+00:00","breadcrumb":{"@id":"https:\/\/www.joss-spanu.com\/en-savoir-plus-sur-les-cookies\/#breadcrumb"},"inLanguage":"en-GB","potentialAction":[{"@type":"ReadAction","target":["https:\/\/www.joss-spanu.com\/en-savoir-plus-sur-les-cookies\/"]}]},{"@type":"BreadcrumbList","@id":"https:\/\/www.joss-spanu.com\/en-savoir-plus-sur-les-cookies\/#breadcrumb","itemListElement":[{"@type":"ListItem","position":1,"name":"Accueil","item":"https:\/\/www.joss-spanu.com\/"},{"@type":"ListItem","position":2,"name":"En savoir plus sur les cookies"}]},{"@type":"WebSite","@id":"https:\/\/www.joss-spanu.com\/#website","url":"https:\/\/www.joss-spanu.com\/","name":"Joss Spanu Graphic \/ Web Designer","description":"De la suite dans les id\u00e9es","publisher":{"@id":"https:\/\/www.joss-spanu.com\/#\/schema\/person\/d022637a1312f66c11efe4c25ef90944"},"potentialAction":[{"@type":"SearchAction","target":{"@type":"EntryPoint","urlTemplate":"https:\/\/www.joss-spanu.com\/?s={search_term_string}"},"query-input":"required name=search_term_string"}],"inLanguage":"en-GB"},{"@type":["Person","Organization"],"@id":"https:\/\/www.joss-spanu.com\/#\/schema\/person\/d022637a1312f66c11efe4c25ef90944","name":"joss","image":{"@type":"ImageObject","inLanguage":"en-GB","@id":"https:\/\/www.joss-spanu.com\/#\/schema\/person\/image\/","url":"https:\/\/www.joss-spanu.com\/wp-content\/uploads\/2019\/06\/favicon.png","contentUrl":"https:\/\/www.joss-spanu.com\/wp-content\/uploads\/2019\/06\/favicon.png","width":512,"height":512,"caption":"joss"},"logo":{"@id":"https:\/\/www.joss-spanu.com\/#\/schema\/person\/image\/"}}]}},"_links":{"self":[{"href":"https:\/\/www.joss-spanu.com\/en\/wp-json\/wp\/v2\/pages\/3986"}],"collection":[{"href":"https:\/\/www.joss-spanu.com\/en\/wp-json\/wp\/v2\/pages"}],"about":[{"href":"https:\/\/www.joss-spanu.com\/en\/wp-json\/wp\/v2\/types\/page"}],"author":[{"embeddable":true,"href":"https:\/\/www.joss-spanu.com\/en\/wp-json\/wp\/v2\/users\/1"}],"replies":[{"embeddable":true,"href":"https:\/\/www.joss-spanu.com\/en\/wp-json\/wp\/v2\/comments?post=3986"}],"version-history":[{"count":6,"href":"https:\/\/www.joss-spanu.com\/en\/wp-json\/wp\/v2\/pages\/3986\/revisions"}],"predecessor-version":[{"id":4009,"href":"https:\/\/www.joss-spanu.com\/en\/wp-json\/wp\/v2\/pages\/3986\/revisions\/4009"}],"wp:attachment":[{"href":"https:\/\/www.joss-spanu.com\/en\/wp-json\/wp\/v2\/media?parent=3986"}],"curies":[{"name":"wp","href":"https:\/\/api.w.org\/{rel}","templated":true}]}}